{"id":134,"date":"2022-09-17T09:23:33","date_gmt":"2022-09-17T09:23:33","guid":{"rendered":"https:\/\/transportestresm.com.mx\/?page_id=134"},"modified":"2024-05-31T21:04:42","modified_gmt":"2024-05-31T21:04:42","slug":"nuestros-servicios","status":"publish","type":"page","link":"https:\/\/transportestresm.com.mx\/index.php\/nuestros-servicios\/","title":{"rendered":"Nuestros servicios"},"content":{"rendered":"\n<h2 class=\"wp-block-heading has-text-align-center gutenify-section-11497220-6c7a-11ee-b146-cfdec437168b\">Somos Lider en Transportaci\u00f3n de Mercancias Nacionales<\/h2>\n\n\n\n<p class=\"has-text-align-center gutenify-section-114af8c0-6c7a-11ee-b146-cfdec437168b\">En <strong>Transportes Tres M<\/strong> Cubrimos su traslado de mercancia a cualquier parte de la Rep\u00fablica Mexicana, con un soporte 24\/7, para su mayor confianza y seguridad.<\/p>\n\n\n\n<p class=\"has-text-align-center gutenify-section-114c0a30-6c7a-11ee-b146-cfdec437168b\"><strong>Seguridad:<\/strong> Respaldo a nuestros clientes con un sistema satelital que permite el monitoreo teniendo una mayor seguridad en el transcurso de los traslados.<\/p>\n\n\n\n<figure class=\"wp-block-embed is-type-video is-provider-youtube wp-block-embed-youtube wp-embed-aspect-16-9 wp-has-aspect-ratio gutenify-section-5bcaefc0-1f91-11ef-aabf-9d81e83b22dd\"><div class=\"wp-block-embed__wrapper\">\n<iframe loading=\"lazy\" title=\"Esfera de log\u00edstica\" width=\"500\" height=\"281\" src=\"https:\/\/www.youtube.com\/embed\/vYgJphHW6y4?feature=oembed\" frameborder=\"0\" allow=\"accelerometer; autoplay; clipboard-write; encrypted-media; gyroscope; picture-in-picture; web-share\" referrerpolicy=\"strict-origin-when-cross-origin\" allowfullscreen><\/iframe>\n<\/div><\/figure>\n\n\n\n<h2 class=\"wp-block-heading has-text-align-center gutenify-section-114d69c0-6c7a-11ee-b146-cfdec437168b\">\u00bfQue nos hace diferentes a los demas ?<\/h2>\n\n\n\n<figure class=\"wp-block-image aligncenter size-large gutenify-section-115be8b0-6c7a-11ee-b146-cfdec437168b\"><img decoding=\"async\" loading=\"lazy\" width=\"1024\" height=\"791\" src=\"https:\/\/transportestresm.com.mx\/wp-content\/uploads\/2023\/10\/Precios-competitivos-2-1024x791.png\" alt=\"\" class=\"wp-image-583\" srcset=\"https:\/\/transportestresm.com.mx\/wp-content\/uploads\/2023\/10\/Precios-competitivos-2-1024x791.png 1024w, https:\/\/transportestresm.com.mx\/wp-content\/uploads\/2023\/10\/Precios-competitivos-2-300x232.png 300w, https:\/\/transportestresm.com.mx\/wp-content\/uploads\/2023\/10\/Precios-competitivos-2-768x593.png 768w, https:\/\/transportestresm.com.mx\/wp-content\/uploads\/2023\/10\/Precios-competitivos-2-1536x1187.png 1536w, https:\/\/transportestresm.com.mx\/wp-content\/uploads\/2023\/10\/Precios-competitivos-2.png 2000w\" sizes=\"(max-width: 1024px) 100vw, 1024px\" \/><\/figure>\n\n\n\n<ul class=\"gutenify-section-115ef5f0-6c7a-11ee-b146-cfdec437168b\">\n<li class=\"gutenify-section-115c84f0-6c7a-11ee-b146-cfdec437168b\">Calidad en nuestro servicio.<\/li>\n\n\n\n<li class=\"gutenify-section-115d4840-6c7a-11ee-b146-cfdec437168b\">Costos competitivos.<\/li>\n\n\n\n<li class=\"gutenify-section-fa893510-6c7a-11ee-b146-cfdec437168b\">Velocidad de requerimentos.<\/li>\n\n\n\n<li class=\"gutenify-section-112e2c80-6c7b-11ee-b146-cfdec437168b\">Experiencia de m\u00e1s de 10 a\u00f1os.<\/li>\n<\/ul>\n\n\n\n<p class=\"gutenify-section-11d19870-6c7b-11ee-b146-cfdec437168b\"><\/p>\n\n\n\n<h2 class=\"wp-block-heading gutenify-section-11613fe0-6c7a-11ee-b146-cfdec437168b\">Distribuci\u00f3n en Caja Seca<\/h2>\n\n\n\n<div class=\"wp-block-columns are-vertically-aligned-center gutenify-section-11669710-6c7a-11ee-b146-cfdec437168b is-layout-flex wp-container-3 wp-block-columns-is-layout-flex\">\n<div class=\"wp-block-column is-vertically-aligned-center gutenify-section-11629f70-6c7a-11ee-b146-cfdec437168b is-layout-flow wp-block-column-is-layout-flow\">\n<p class=\"has-text-align-center gutenify-section-11620330-6c7a-11ee-b146-cfdec437168b\">Brinda protecci\u00f3n contra las lluvias y otros factores ambientales.<br>es la caja m\u00e1s utilizada en nuestro Pa\u00eds ya que cumple con las normas y estandares de entrega en empresas y  centros de distribuci\u00f3n en la modalidad de entarimado, empaquetado y a granel.<\/p>\n<\/div>\n\n\n\n<div class=\"wp-block-column is-vertically-aligned-center gutenify-section-1165acb0-6c7a-11ee-b146-cfdec437168b is-layout-flow wp-block-column-is-layout-flow\">\n<figure class=\"wp-block-image size-large gutenify-section-ce9e8810-6c7a-11ee-b146-cfdec437168b\"><img decoding=\"async\" loading=\"lazy\" width=\"1024\" height=\"684\" src=\"https:\/\/transportestresm.com.mx\/wp-content\/uploads\/2023\/10\/AdobeStock_640547442-1024x684.jpeg\" alt=\"\" class=\"wp-image-582\" srcset=\"https:\/\/transportestresm.com.mx\/wp-content\/uploads\/2023\/10\/AdobeStock_640547442-1024x684.jpeg 1024w, https:\/\/transportestresm.com.mx\/wp-content\/uploads\/2023\/10\/AdobeStock_640547442-300x200.jpeg 300w, https:\/\/transportestresm.com.mx\/wp-content\/uploads\/2023\/10\/AdobeStock_640547442-768x513.jpeg 768w, https:\/\/transportestresm.com.mx\/wp-content\/uploads\/2023\/10\/AdobeStock_640547442-1536x1026.jpeg 1536w, https:\/\/transportestresm.com.mx\/wp-content\/uploads\/2023\/10\/AdobeStock_640547442-2048x1368.jpeg 2048w\" sizes=\"(max-width: 1024px) 100vw, 1024px\" \/><\/figure>\n<\/div>\n<\/div>\n\n\n\n<div style=\"height:50px\" aria-hidden=\"true\" class=\"wp-block-spacer gutenify-section-11675a60-6c7a-11ee-b146-cfdec437168b\"><\/div>\n\n\n\n<h2 class=\"wp-block-heading gutenify-section-1167f6a0-6c7a-11ee-b146-cfdec437168b\">Distribuci\u00f3n en Caja Redrigerada<\/h2>\n\n\n\n<h3 class=\"wp-block-heading has-text-align-center gutenify-section-1168b9f0-6c7a-11ee-b146-cfdec437168b\">\u00bfTu producto necesita ir refrigerado bajo una temperatura controlada?<\/h3>\n\n\n\n<div class=\"wp-block-columns are-vertically-aligned-center gutenify-section-116e1120-6c7a-11ee-b146-cfdec437168b is-layout-flex wp-container-6 wp-block-columns-is-layout-flex\">\n<div class=\"wp-block-column is-vertically-aligned-center gutenify-section-116a67a0-6c7a-11ee-b146-cfdec437168b is-layout-flow wp-block-column-is-layout-flow\">\n<p class=\"has-text-align-center gutenify-section-1169cb60-6c7a-11ee-b146-cfdec437168b\">Tenemos tambien esa opci\u00f3n para ti , servicio de alta calidad manteniendo a temperaturas controladas, el estandar de higiene y cuidado de las mercancias.<\/p>\n<\/div>\n\n\n\n<div class=\"wp-block-column is-vertically-aligned-center gutenify-section-116d4dd0-6c7a-11ee-b146-cfdec437168b is-layout-flow wp-block-column-is-layout-flow\">\n<figure class=\"wp-block-image size-large is-resized gutenify-section-a38d6e00-6c81-11ee-b146-cfdec437168b\"><img decoding=\"async\" loading=\"lazy\" width=\"1024\" height=\"568\" src=\"https:\/\/transportestresm.com.mx\/wp-content\/uploads\/2024\/05\/Bildschirmfoto-2020-06-18-um-11.30.31-1024x568.png\" alt=\"\" class=\"wp-image-606\" style=\"aspect-ratio:1.4965277777777777;width:363px;height:auto\" srcset=\"https:\/\/transportestresm.com.mx\/wp-content\/uploads\/2024\/05\/Bildschirmfoto-2020-06-18-um-11.30.31-1024x568.png 1024w, https:\/\/transportestresm.com.mx\/wp-content\/uploads\/2024\/05\/Bildschirmfoto-2020-06-18-um-11.30.31-300x167.png 300w, https:\/\/transportestresm.com.mx\/wp-content\/uploads\/2024\/05\/Bildschirmfoto-2020-06-18-um-11.30.31-768x426.png 768w, https:\/\/transportestresm.com.mx\/wp-content\/uploads\/2024\/05\/Bildschirmfoto-2020-06-18-um-11.30.31.png 1405w\" sizes=\"(max-width: 1024px) 100vw, 1024px\" \/><\/figure>\n<\/div>\n<\/div>\n\n\n\n<div style=\"height:50px\" aria-hidden=\"true\" class=\"wp-block-spacer gutenify-section-116ed470-6c7a-11ee-b146-cfdec437168b\"><\/div>\n\n\n\n<h2 class=\"wp-block-heading gutenify-section-116f70b0-6c7a-11ee-b146-cfdec437168b\">Distribuci\u00f3n en Plataforma<\/h2>\n\n\n\n<div class=\"wp-block-columns are-vertically-aligned-center gutenify-section-11756420-6c7a-11ee-b146-cfdec437168b is-layout-flex wp-container-9 wp-block-columns-is-layout-flex\">\n<div class=\"wp-block-column is-vertically-aligned-center gutenify-section-1170f750-6c7a-11ee-b146-cfdec437168b is-layout-flow wp-block-column-is-layout-flow\">\n<p class=\"has-text-align-center gutenify-section-11703400-6c7a-11ee-b146-cfdec437168b\">Utilizada para traslado de mercancias en alto volumen, teniendo como ventaja principal la facilidad de maniobra para la carga y descarga.<br>Generalmente se utiliza para la trsnportaci\u00f3n de contenedores, tuber\u00edas, maquinaria industrial y materiales para construcci\u00f3n.<\/p>\n<\/div>\n\n\n\n<div class=\"wp-block-column is-vertically-aligned-center gutenify-section-1174c7e0-6c7a-11ee-b146-cfdec437168b is-layout-flow wp-block-column-is-layout-flow\">\n<figure class=\"wp-block-image size-large gutenify-section-534e6920-6c82-11ee-b146-cfdec437168b\"><img decoding=\"async\" loading=\"lazy\" width=\"1024\" height=\"684\" src=\"https:\/\/transportestresm.com.mx\/wp-content\/uploads\/2023\/10\/AdobeStock_415601768-1024x684.jpeg\" alt=\"\" class=\"wp-image-586\" srcset=\"https:\/\/transportestresm.com.mx\/wp-content\/uploads\/2023\/10\/AdobeStock_415601768-1024x684.jpeg 1024w, https:\/\/transportestresm.com.mx\/wp-content\/uploads\/2023\/10\/AdobeStock_415601768-300x200.jpeg 300w, https:\/\/transportestresm.com.mx\/wp-content\/uploads\/2023\/10\/AdobeStock_415601768-768x513.jpeg 768w, https:\/\/transportestresm.com.mx\/wp-content\/uploads\/2023\/10\/AdobeStock_415601768-1536x1025.jpeg 1536w, https:\/\/transportestresm.com.mx\/wp-content\/uploads\/2023\/10\/AdobeStock_415601768-2048x1367.jpeg 2048w\" sizes=\"(max-width: 1024px) 100vw, 1024px\" \/><\/figure>\n<\/div>\n<\/div>\n\n\n\n<div style=\"height:50px\" aria-hidden=\"true\" class=\"wp-block-spacer gutenify-section-11762770-6c7a-11ee-b146-cfdec437168b\"><\/div>\n\n\n\n<h2 class=\"wp-block-heading gutenify-section-1176c3b0-6c7a-11ee-b146-cfdec437168b\">Distribuci\u00f3n de Productos Peligrosos<\/h2>\n\n\n\n<div class=\"wp-block-columns are-vertically-aligned-center gutenify-section-117bccc0-6c7a-11ee-b146-cfdec437168b is-layout-flex wp-container-12 wp-block-columns-is-layout-flex\">\n<div class=\"wp-block-column is-vertically-aligned-center gutenify-section-11782340-6c7a-11ee-b146-cfdec437168b is-layout-flow wp-block-column-is-layout-flow\">\n<p class=\"has-text-align-center gutenify-section-11775ff0-6c7a-11ee-b146-cfdec437168b\">Productos peligrosos,  se entienden como aquellos&nbsp;<strong>materiales que son capaces de constituir un riesgo importante para la salud<\/strong>, los bienes o el medio ambiente.<\/p>\n<\/div>\n\n\n\n<div class=\"wp-block-column is-vertically-aligned-center gutenify-section-117a9440-6c7a-11ee-b146-cfdec437168b is-layout-flow wp-block-column-is-layout-flow\">\n<figure class=\"wp-block-image size-large gutenify-section-03911080-1d81-11ef-bf9b-31bfbde2c524\"><img decoding=\"async\" loading=\"lazy\" width=\"1024\" height=\"585\" src=\"https:\/\/transportestresm.com.mx\/wp-content\/uploads\/2024\/05\/transporte-de-carga-peligrosa-1-1024x585.jpeg\" alt=\"\" class=\"wp-image-604\" srcset=\"https:\/\/transportestresm.com.mx\/wp-content\/uploads\/2024\/05\/transporte-de-carga-peligrosa-1-1024x585.jpeg 1024w, https:\/\/transportestresm.com.mx\/wp-content\/uploads\/2024\/05\/transporte-de-carga-peligrosa-1-300x171.jpeg 300w, https:\/\/transportestresm.com.mx\/wp-content\/uploads\/2024\/05\/transporte-de-carga-peligrosa-1-768x439.jpeg 768w, https:\/\/transportestresm.com.mx\/wp-content\/uploads\/2024\/05\/transporte-de-carga-peligrosa-1-1536x878.jpeg 1536w, https:\/\/transportestresm.com.mx\/wp-content\/uploads\/2024\/05\/transporte-de-carga-peligrosa-1.jpeg 1750w\" sizes=\"(max-width: 1024px) 100vw, 1024px\" \/><\/figure>\n<\/div>\n<\/div>\n\n\n\n<h2 class=\"wp-block-heading gutenify-section-117c6900-6c7a-11ee-b146-cfdec437168b\">Distribuci\u00f3n en LowBoy (Cama Baja)<\/h2>\n\n\n\n<div class=\"wp-block-columns are-vertically-aligned-center gutenify-section-1182d1a0-6c7a-11ee-b146-cfdec437168b is-layout-flex wp-container-15 wp-block-columns-is-layout-flex\">\n<div class=\"wp-block-column is-vertically-aligned-center gutenify-section-117defa0-6c7a-11ee-b146-cfdec437168b is-layout-flow wp-block-column-is-layout-flow\">\n<p class=\"has-text-align-center gutenify-section-117d0540-6c7a-11ee-b146-cfdec437168b\">En Transportes Tres M contamos con unidades Lowboy o Cama Baja para trasladar equipos sobredimensionados que pesen m\u00e1ximo 70 tons, por otra parte contamos con equipos de altura normal y Lowboys especiales de 30 o 40 cm de altura, para desplazar cargas muy grandes o pesadas y con abatibles por completo para el traslado de unidades o gr\u00faas.<\/p>\n<\/div>\n\n\n\n<div class=\"wp-block-column is-vertically-aligned-center gutenify-section-1181c030-6c7a-11ee-b146-cfdec437168b is-layout-flow wp-block-column-is-layout-flow\">\n<figure class=\"wp-block-image size-large gutenify-section-069b4a20-6c83-11ee-b146-cfdec437168b\"><img decoding=\"async\" loading=\"lazy\" width=\"1024\" height=\"683\" src=\"https:\/\/transportestresm.com.mx\/wp-content\/uploads\/2023\/10\/AdobeStock_506302882-1-1024x683.jpeg\" alt=\"\" class=\"wp-image-587\" srcset=\"https:\/\/transportestresm.com.mx\/wp-content\/uploads\/2023\/10\/AdobeStock_506302882-1-1024x683.jpeg 1024w, https:\/\/transportestresm.com.mx\/wp-content\/uploads\/2023\/10\/AdobeStock_506302882-1-300x200.jpeg 300w, https:\/\/transportestresm.com.mx\/wp-content\/uploads\/2023\/10\/AdobeStock_506302882-1-768x512.jpeg 768w, https:\/\/transportestresm.com.mx\/wp-content\/uploads\/2023\/10\/AdobeStock_506302882-1-1536x1024.jpeg 1536w, https:\/\/transportestresm.com.mx\/wp-content\/uploads\/2023\/10\/AdobeStock_506302882-1-2048x1365.jpeg 2048w\" sizes=\"(max-width: 1024px) 100vw, 1024px\" \/><\/figure>\n<\/div>\n<\/div>\n","protected":false},"excerpt":{"rendered":"<p>Somos Lider en Transportaci\u00f3n de Mercancias Nacionales En Transportes Tres M Cubrimos su traslado de [&hellip;]<\/p>\n","protected":false},"author":1,"featured_media":0,"parent":0,"menu_order":0,"comment_status":"closed","ping_status":"closed","template":"","meta":{"_monsterinsights_skip_tracking":false,"_monsterinsights_sitenote_active":false,"_monsterinsights_sitenote_note":"","_monsterinsights_sitenote_category":0,"footnotes":"","gutenify_custom_css":"","gutenify_custom_css_data":""},"aioseo_notices":[],"_links":{"self":[{"href":"https:\/\/transportestresm.com.mx\/index.php\/wp-json\/wp\/v2\/pages\/134"}],"collection":[{"href":"https:\/\/transportestresm.com.mx\/index.php\/wp-json\/wp\/v2\/pages"}],"about":[{"href":"https:\/\/transportestresm.com.mx\/index.php\/wp-json\/wp\/v2\/types\/page"}],"author":[{"embeddable":true,"href":"https:\/\/transportestresm.com.mx\/index.php\/wp-json\/wp\/v2\/users\/1"}],"replies":[{"embeddable":true,"href":"https:\/\/transportestresm.com.mx\/index.php\/wp-json\/wp\/v2\/comments?post=134"}],"version-history":[{"count":30,"href":"https:\/\/transportestresm.com.mx\/index.php\/wp-json\/wp\/v2\/pages\/134\/revisions"}],"predecessor-version":[{"id":623,"href":"https:\/\/transportestresm.com.mx\/index.php\/wp-json\/wp\/v2\/pages\/134\/revisions\/623"}],"wp:attachment":[{"href":"https:\/\/transportestresm.com.mx\/index.php\/wp-json\/wp\/v2\/media?parent=134"}],"curies":[{"name":"wp","href":"https:\/\/api.w.org\/{rel}","templated":true}]}}