{"id":308,"date":"2022-09-26T19:51:29","date_gmt":"2022-09-26T19:51:29","guid":{"rendered":"https:\/\/transportestresm.com.mx\/?page_id=308"},"modified":"2022-10-12T04:53:12","modified_gmt":"2022-10-12T04:53:12","slug":"seguro-de-carga","status":"publish","type":"page","link":"https:\/\/transportestresm.com.mx\/index.php\/seguro-de-carga\/","title":{"rendered":"Seguro de Carga"},"content":{"rendered":"\n<h2 class=\"wp-block-heading\">\u00a1 Lo mas seguro es que te asegures !<\/h2>\n\n\n\n<p>Un seguro de transporte indemniza por p\u00e9rdidas o da\u00f1os que se produzcan a la mercanc\u00eda durante el traslado de un lugar a otro protegiendo su mercanc\u00eda en el transito.<\/p>\n\n\n\n<p>La mercancia se protege desde el momento que se realiza carga y termina al descargar.<br><strong>*Da\u00f1os a la mercancia *Robo parcial *Robo total.<\/strong><\/p>\n\n\n\n<p><strong>NOTA:<\/strong> El seguro respalda todos los riesgos de la mercanc\u00eda.<\/p>\n\n\n\n<div class=\"wp-block-columns is-layout-flex wp-container-10 wp-block-columns-is-layout-flex\">\n<div class=\"wp-block-column is-layout-flow wp-block-column-is-layout-flow\" style=\"flex-basis:100%\">\n<div class=\"wp-block-columns is-layout-flex wp-container-8 wp-block-columns-is-layout-flex\">\n<div class=\"wp-block-column is-vertically-aligned-center is-layout-flow wp-block-column-is-layout-flow\" style=\"flex-basis:100%\">\n<div class=\"wp-block-group is-layout-flow wp-block-group-is-layout-flow\">\n<div class=\"wp-block-cover is-light\" style=\"min-height:197px\"><span aria-hidden=\"true\" class=\"wp-block-cover__background has-semi-gray-background-color has-background-dim\"><\/span><div class=\"wp-block-cover__inner-container is-layout-flow wp-block-cover-is-layout-flow\">\n<div class=\"wp-block-columns are-vertically-aligned-center is-layout-flex wp-container-4 wp-block-columns-is-layout-flex\">\n<div class=\"wp-block-column is-vertically-aligned-center is-layout-flow wp-block-column-is-layout-flow\">\n<figure class=\"wp-block-image aligncenter size-full is-resized\"><img decoding=\"async\" loading=\"lazy\" src=\"https:\/\/transportestresm.com.mx\/wp-content\/uploads\/2022\/10\/Foto-1.jpg\" alt=\"\" class=\"wp-image-481\" width=\"243\" height=\"168\"\/><\/figure>\n<\/div>\n\n\n\n<div class=\"wp-block-column is-vertically-aligned-center is-layout-flow wp-block-column-is-layout-flow\">\n<figure class=\"wp-block-image aligncenter size-full is-resized\"><img decoding=\"async\" loading=\"lazy\" src=\"https:\/\/transportestresm.com.mx\/wp-content\/uploads\/2022\/10\/Foto-2.jpg\" alt=\"\" class=\"wp-image-482\" width=\"264\" height=\"170\"\/><\/figure>\n<\/div>\n\n\n\n<div class=\"wp-block-column is-vertically-aligned-center is-layout-flow wp-block-column-is-layout-flow\">\n<figure class=\"wp-block-image aligncenter size-full is-resized\"><img decoding=\"async\" loading=\"lazy\" src=\"https:\/\/transportestresm.com.mx\/wp-content\/uploads\/2022\/10\/Foto-3.jpg\" alt=\"\" class=\"wp-image-483\" width=\"193\" height=\"170\"\/><\/figure>\n<\/div>\n<\/div>\n<\/div><\/div>\n<\/div>\n<\/div>\n<\/div>\n<\/div>\n<\/div>\n","protected":false},"excerpt":{"rendered":"<p>\u00a1 Lo mas seguro es que te asegures ! Un seguro de transporte indemniza por [&hellip;]<\/p>\n","protected":false},"author":1,"featured_media":0,"parent":0,"menu_order":0,"comment_status":"closed","ping_status":"closed","template":"","meta":{"_monsterinsights_skip_tracking":false,"_monsterinsights_sitenote_active":false,"_monsterinsights_sitenote_note":"","_monsterinsights_sitenote_category":0,"footnotes":"","gutenify_custom_css":"","gutenify_custom_css_data":""},"aioseo_notices":[],"_links":{"self":[{"href":"https:\/\/transportestresm.com.mx\/index.php\/wp-json\/wp\/v2\/pages\/308"}],"collection":[{"href":"https:\/\/transportestresm.com.mx\/index.php\/wp-json\/wp\/v2\/pages"}],"about":[{"href":"https:\/\/transportestresm.com.mx\/index.php\/wp-json\/wp\/v2\/types\/page"}],"author":[{"embeddable":true,"href":"https:\/\/transportestresm.com.mx\/index.php\/wp-json\/wp\/v2\/users\/1"}],"replies":[{"embeddable":true,"href":"https:\/\/transportestresm.com.mx\/index.php\/wp-json\/wp\/v2\/comments?post=308"}],"version-history":[{"count":8,"href":"https:\/\/transportestresm.com.mx\/index.php\/wp-json\/wp\/v2\/pages\/308\/revisions"}],"predecessor-version":[{"id":492,"href":"https:\/\/transportestresm.com.mx\/index.php\/wp-json\/wp\/v2\/pages\/308\/revisions\/492"}],"wp:attachment":[{"href":"https:\/\/transportestresm.com.mx\/index.php\/wp-json\/wp\/v2\/media?parent=308"}],"curies":[{"name":"wp","href":"https:\/\/api.w.org\/{rel}","templated":true}]}}